{"id":3,"date":"2023-01-12T19:29:24","date_gmt":"2023-01-12T19:29:24","guid":{"rendered":"http:\/\/kancelariagdansk.com\/?page_id=3"},"modified":"2023-01-16T10:54:33","modified_gmt":"2023-01-16T10:54:33","slug":"privacy-policy","status":"publish","type":"page","link":"https:\/\/kancelariagdansk.com\/index.php\/privacy-policy\/","title":{"rendered":"Polityka prywatno\u015bci i Regulamin, Nota prawna"},"content":{"rendered":"\r\n<h1 class=\"wp-block-heading\"><strong>POLITYKA PRYWATNO\u015aCI<\/strong><\/h1>\r\n\r\n\r\n\r\n<p><strong>I. Administrator danych osobowych<\/strong><\/p>\r\n\r\n\r\n\r\n<p style=\"text-align: justify;\">Administratorem Pa\u0144stwa danych osobowych jest Justyna Podg\u00f3rska Kancelaria Adwokacka z siedzib\u0105 w O\u015bwi\u0119cimiu, Filia w Krakowie (dalej: Administrator). Dane osobowe zbierane przez Administratora przetwarzane s\u0105 na zasadach okre\u015blonych w przepisach o ochronie danych osobowych, w tym w rozporz\u0105dzeniu Parlamentu Europejskiego i Rady (UE) 2016\/679 z dnia 27 kwietnia 2016 r. w sprawie ochrony os\u00f3b fizycznych w zwi\u0105zku \u00a0 \u00a0 \u00a0 \u00a0 \u00a0 \u00a0 \u00a0 \u00a0 \u00a0 \u00a0 \u00a0 \u00a0 \u00a0 \u00a0 \u00a0 \u00a0 \u00a0 \u00a0 \u00a0 \u00a0z przetwarzaniem danych osobowych i w sprawie swobodnego przep\u0142ywu takich danych oraz uchylenia dyrektywy 95\/46\/WE (og\u00f3lne rozporz\u0105dzenie \u00a0 \u00a0 \u00a0 \u00a0 \u00a0 o ochronie danych) (\u201eRODO\u201d) oraz w polskich przepisach wydanych w zwi\u0105zku z RODO, w tym ustawie z dnia 10 maja 2018 r. o ochronie danych osobowych.<\/p>\r\n<p align=\"justify\">\r\n\r\n<\/p>\r\n<p style=\"text-align: justify;\">Administrator zachowuje dane osobowe w poufno\u015bci i zabezpiecza je przed niepowo\u0142anym dost\u0119pem os\u00f3b trzecich na zasadach okre\u015blonych w w\/w aktach prawnych.<\/p>\r\n<p align=\"justify\">\r\n\r\n<\/p>\r\n<p><strong>II. Cele, podstawy przetwarzania i zakres<\/strong><\/p>\r\n<p align=\"justify\">\r\n\r\n<\/p>\r\n<p style=\"text-align: justify;\">1. W ramach swojej dzia\u0142alno\u015bci Administrator zbiera i przetwarza dane osobowe:<\/p>\r\n<p align=\"justify\">\r\n\r\n<\/p>\r\n<p style=\"text-align: justify;\">1). w celu wykonywania um\u00f3w zawieranych przez Administratora z Klientami (art. 6 ust. 1 lit. b RODO);<\/p>\r\n<p align=\"justify\">\r\n\r\n<\/p>\r\n<p style=\"text-align: justify;\">2). w celach wynikaj\u0105cych z prawnie uzasadnionych interes\u00f3w realizowanych przez Kancelari\u0119 Adwokack\u0105 Justyna Podg\u00f3rska jako Administratora danych osobowych (art. 6 ust. 1 lit. f RODO), tj: \u015bwiadczenia us\u0142ug na rzecz Klient\u00f3w, marketingu us\u0142ug, rekrutacji, analitycznych, statystycznych oraz w celu zapewnienia bezpiecze\u0144stwa teleinformatycznego.<\/p>\r\n<p align=\"justify\">\r\n\r\n<\/p>\r\n<p style=\"text-align: justify;\">3). w zakresie koniecznym do wype\u0142nienia obowi\u0105zk\u00f3w prawnych ci\u0105\u017c\u0105cych na Administratorze (art. 6 ust. 1 lit. c RODO).<\/p>\r\n<p align=\"justify\">\r\n\r\n<\/p>\r\n<p style=\"text-align: justify;\">2. Zakres przetwarzania danych: imi\u0119 i nazwisko, adres, numer telefonu, adres e-mail.<\/p>\r\n<p align=\"justify\">\r\n\r\n<\/p>\r\n<p style=\"text-align: justify;\"><strong>III. Prawa wynikaj\u0105ce z RODO<\/strong><\/p>\r\n<p align=\"justify\">\r\n\r\n<\/p>\r\n<p style=\"text-align: justify;\">Podanie danych osobowych jest dobrowolne, jednak\u017ce odmowa udost\u0119pnienia danych lub \u017c\u0105danie ich usuni\u0119cia mo\u017ce uniemo\u017cliwi\u0107 Administratorowi kontakt z Pa\u0144stwem, przekazywanie Pa\u0144stwu informacji lub wykonanie us\u0142ugi. Na zasadach okre\u015blonych w w\/w aktach prawnych i w przewidzianym w nich zakresie przys\u0142uguje Pa\u0144stwu prawo dost\u0119pu do swoich danych osobowych, ich sprostowania, usuni\u0119cia lub ograniczenia przetwarzania, prawo do przenoszenia danych oraz prawo wniesienia skargi do organu nadzorczego \u2013 Prezesa Urz\u0119du Ochrony Danych Osobowych. W ramach \u015bwiadczenia pomocy prawnej niekt\u00f3re z tych uprawnie\u0144 mog\u0105 nie przys\u0142ugiwa\u0107. W przypadku braku zgody co do przetwarzania Pa\u0144stwa danych osobowych w celach marketingowych, mog\u0105 Pa\u0144stwo w ka\u017cdym czasie zg\u0142osi\u0107 sprzeciw lub w dowolnym momencie cofn\u0105\u0107 zgod\u0119 wobec przetwarzania danych osobowych w tym celu, przy czym cofni\u0119cie zgody nie ma wp\u0142ywu na zgodno\u015b\u0107 z prawem przetwarzania, kt\u00f3rego dokonano na jej podstawie przed cofni\u0119ciem zgody.<\/p>\r\n<p align=\"justify\">\r\n\r\n<\/p>\r\n<p><strong>IV. Okres przetwarzania<\/strong><\/p>\r\n<p align=\"justify\">\r\n\r\n<\/p>\r\n<p style=\"text-align: justify;\">Kancelaria przechowuje dane przez czas uzasadniony realizacj\u0105 us\u0142ugi prawnej lub przez okres wynikaj\u0105cy z przepis\u00f3w prawa.<\/p>\r\n<p align=\"justify\">\r\n\r\n<\/p>\r\n<p style=\"text-align: justify;\">W sprawach nieuregulowanych zastosowanie maj\u0105 postanowienia Kodeksu cywilnego i odpowiednich ustaw prawa polskiego, a tak\u017ce prawa Unii Europejskiej, w szczeg\u00f3lno\u015bci RODO (rozporz\u0105dzenie Parlamentu Europejskiego i Rady (UE) 2016\/679 z dnia 27 kwietnia 2016 r. w sprawie ochrony os\u00f3b fizycznych w zwi\u0105zku z przetwarzaniem danych osobowych i w sprawie swobodnego przep\u0142ywu takich danych oraz uchylenia dyrektywy 95\/46\/WE).<\/p>\r\n<p align=\"justify\">\r\n\r\n<\/p>\r\n<p><strong>V. Przekazywanie danych osobowych innym podmiotom<\/strong><\/p>\r\n<p align=\"justify\">\r\n\r\n<\/p>\r\n<p style=\"text-align: justify;\">Pa\u0144stwa dane osobowe b\u0119d\u0105 udost\u0119pniane wy\u0142\u0105cznie podmiotom upowa\u017cnionym na podstawie przepis\u00f3w prawa albo umowy powierzenia z Administratorem. Na podstawie umowy Administrator mo\u017ce powierzy\u0107 dane podmiotom powi\u0105zanym bezpo\u015brednio lub po\u015brednio z Kancelari\u0105 Adwokack\u0105 Justyna Podg\u00f3rska, w szczeg\u00f3lno\u015bci w spos\u00f3b organizacyjny lub osobowy, maj\u0105cym siedzib\u0119 w jednym z Pa\u0144stw Cz\u0142onkowskich Unii Europejskiej. Odbiorcami Pa\u0144stwa danych mog\u0105 by\u0107 tak\u017ce zewn\u0119trzni dostawcy us\u0142ug (w tym us\u0142ugi IT, ksi\u0119gowo\u015bci, biegli rewidenci i audytorzy, prawnicy) oraz organy administracji, s\u0142u\u017cby pa\u0144stwowe i s\u0105dy, przy czym dostawcy us\u0142ug w ka\u017cdym przypadku b\u0119d\u0105 zobowi\u0105zani do zachowania poufno\u015bci Pa\u0144stwa danych osobowych oraz do przetwarzania ich zgodnie z przepisami dotycz\u0105cymi ochrony danych osobowych.<\/p>\r\n<p align=\"justify\">\r\n\r\n<\/p>\r\n<p><strong>VI. Obszar przetwarzania,<\/strong>\u00a0<strong>Brak profilowania<\/strong><\/p>\r\n<p align=\"justify\">\r\n\r\n<\/p>\r\n<p style=\"text-align: justify;\">Pa\u0144stwa dane osobowe przetwarzane s\u0105 w siedzibie Administratora i nie s\u0105 przekazywane do kraj\u00f3w znajduj\u0105cych si\u0119 poza Uni\u0105 Europejsk\u0105. W razie przekazania danych osobowych do pa\u0144stw trzecich Administrator zastosuje odpowiednie instrumenty maj\u0105ce na celu zapewnienie bezpiecze\u0144stwa Pa\u0144stwa danych osobowych.<\/p>\r\n<p align=\"justify\">\r\n\r\n<\/p>\r\n<p style=\"text-align: justify;\">Ponadto w\/w dane osobowe nie s\u0105 przedmiotem profilowania, jak te\u017c \u017cadnej innej formy zautomatyzowanego podejmowania decyzji.<\/p>\r\n<p align=\"justify\">\r\n\r\n<\/p>\r\n<p><strong>VII. Zmiany Polityki Prywatno\u015bci<\/strong><\/p>\r\n<p align=\"justify\">\r\n\r\n<\/p>\r\n<p style=\"text-align: justify;\">Wszelkie zmiany wprowadzane przez nas do Polityki Prywatno\u015bci w przysz\u0142o\u015bci b\u0119d\u0105 publikowane na niniejszej stronie. Je\u017celi nie akceptuj\u0105 Pa\u0144stwo przedmiotowej Polityki Prywatno\u015bci lub wprowadzanych do niej zmian, prosimy o zaprzestanie korzystania z naszej strony internetowej.<\/p>\r\n<p align=\"justify\">\r\n\r\n<\/p>\r\n<p>***<\/p>\r\n<p align=\"justify\">\r\n\r\n<\/p>\r\n<h2 class=\"wp-block-heading\"><strong>Ubezpieczenie adwokat\u00f3w\u00a0<\/strong><\/h2>\r\n<p align=\"justify\">\r\n\r\n<\/p>\r\n<p style=\"text-align: justify;\">Adwokaci podlegaj\u0105 obowi\u0105zkowemu ubezpieczeniu zawodowemu (art. 8a ustawy prawo o adwokaturze).<\/p>\r\n<p align=\"justify\">\r\n\r\n<\/p>\r\n<h2 class=\"wp-block-heading\"><strong>Wy\u0142\u0105czenie odpowiedzialno\u015bci<\/strong><\/h2>\r\n<p align=\"justify\">\r\n\r\n<\/p>\r\n<p style=\"text-align: justify;\">Wszelkie materia\u0142y na\u00a0niniejszej witrynie internetowej zamieszczone s\u0105 jedynie w\u00a0celu informacyjnym i\u00a0nie mog\u0105 by\u0107 traktowane jako porada prawna w\u00a0\u017cadnej konkretnej sprawie.<\/p>\r\n<p align=\"justify\"><\/p>","protected":false},"excerpt":{"rendered":"<p>POLITYKA PRYWATNO\u015aCI I. Administrator danych osobowych Administratorem Pa\u0144stwa danych osobowych jest Justyna Podg\u00f3rska Kancelaria Adwokacka z siedzib\u0105 w O\u015bwi\u0119cimiu, Filia w Krakowie (dalej: Administrator). Dane osobowe zbierane przez Administratora przetwarzane s\u0105 na zasadach okre\u015blonych w przepisach o ochronie danych osobowych, w tym w rozporz\u0105dzeniu Parlamentu Europejskiego i Rady (UE) 2016\/679 z dnia 27 kwietnia 2016 &hellip; <\/p>\n<p class=\"link-more\"><a href=\"https:\/\/kancelariagdansk.com\/index.php\/privacy-policy\/\" class=\"more-link\">Continue reading<span class=\"screen-reader-text\"> &#8220;Polityka prywatno\u015bci i Regulamin, Nota prawna&#8221;<\/span><\/a><\/p>\n","protected":false},"author":1,"featured_media":0,"parent":0,"menu_order":0,"comment_status":"closed","ping_status":"open","template":"","meta":{"footnotes":""},"class_list":["post-3","page","type-page","status-publish","hentry"],"_links":{"self":[{"href":"https:\/\/kancelariagdansk.com\/index.php\/wp-json\/wp\/v2\/pages\/3","targetHints":{"allow":["GET"]}}],"collection":[{"href":"https:\/\/kancelariagdansk.com\/index.php\/wp-json\/wp\/v2\/pages"}],"about":[{"href":"https:\/\/kancelariagdansk.com\/index.php\/wp-json\/wp\/v2\/types\/page"}],"author":[{"embeddable":true,"href":"https:\/\/kancelariagdansk.com\/index.php\/wp-json\/wp\/v2\/users\/1"}],"replies":[{"embeddable":true,"href":"https:\/\/kancelariagdansk.com\/index.php\/wp-json\/wp\/v2\/comments?post=3"}],"version-history":[{"count":3,"href":"https:\/\/kancelariagdansk.com\/index.php\/wp-json\/wp\/v2\/pages\/3\/revisions"}],"predecessor-version":[{"id":67,"href":"https:\/\/kancelariagdansk.com\/index.php\/wp-json\/wp\/v2\/pages\/3\/revisions\/67"}],"wp:attachment":[{"href":"https:\/\/kancelariagdansk.com\/index.php\/wp-json\/wp\/v2\/media?parent=3"}],"curies":[{"name":"wp","href":"https:\/\/api.w.org\/{rel}","templated":true}]}}